{"id":14,"date":"2018-06-05T22:44:01","date_gmt":"2018-06-05T20:44:01","guid":{"rendered":"https:\/\/www.erestate.eu\/?page_id=14"},"modified":"2025-09-23T19:32:30","modified_gmt":"2025-09-23T17:32:30","slug":"trouver-un-logement","status":"publish","type":"page","link":"https:\/\/www.erestate.eu\/de\/trouver-un-logement\/","title":{"rendered":"Finden Sie eine Unterkunft"},"content":{"rendered":"<p>Suchen Sie eine Unterkunft f\u00fcr Ihre Gesch\u00e4ftsreisen, Kunden, Mitarbeiter oder Dienstleister?<\/p>\n<p>Mit EREstate k\u00f6nnen Sie von direkt verf\u00fcgbaren Unterk\u00fcnften profitieren. Sie werden sich in aller Ruhe auf den Zweck Ihrer Reise konzentrieren k\u00f6nnen.<\/p>\n<p>Wir stellen Ihnen alle notwendigen Informationen \u00fcber das Gebiet und die Stadt zur Verf\u00fcgung, in der sich die von Ihnen gew\u00e4hlte Unterkunft befindet. (Restaurants, Lebensmittel, Transport etc&#8230;)<\/p>\n<p>EREstate bietet Ihnen nicht nur eine luxuri\u00f6se Unterkunft, sondern auch Optionen wie Concierge-Service w\u00e4hrend Ihres gesamten Aufenthalts. Neben Seife, Geschirrsp\u00fclmittel, Geschirrsp\u00fclmittel und Hygieneprodukten stellen und waschen wir die f\u00fcr Ihren Aufenthalt notwendige Bettw\u00e4sche, Handt\u00fccher und W\u00e4sche.<\/p>\n<p>Au\u00dferdem profitieren Sie von professionellen Reinigungsdiensten in Hotelqualit\u00e4t. Haush\u00e4lterinnen und Haush\u00e4lter achten besonders auf die Reinigung der am st\u00e4rksten betroffenen Bereiche wie Schalter, T\u00fcrgriffe und Fernbedienungen. Desinfektionsgel und -t\u00fccher sind als Option erh\u00e4ltlich.<\/p>\n<p>&nbsp;<\/p>\n<p><strong>Besser als ein Hotel<\/strong><\/p>\n<p>In dieser Zeit der Gesundheitskrise und unter besonderer Ber\u00fccksichtigung der Reinigung und Desinfektion durch den Einsatz eines spezialisierten Unternehmens hebt sich unser Unterkunftsangebot von dem der Hotels ab. In einem schrittweisen Prozess befolgen die Haush\u00e4lterinnen unseres Anbieters strenge Verfahren, die auf den Empfehlungen der WHO beruhen und die Besonderheiten jeder Wohnung ber\u00fccksichtigen. Die Unterk\u00fcnfte werden zun\u00e4chst gereinigt, bevor sie desinfiziert werden. Sowohl Arbeitsfl\u00e4chen als auch h\u00e4ufig ber\u00fchrte Fl\u00e4chen wie Griffe und elektrische Schalter werden systematisch mit einem Desinfektionsmittel behandelt. Stoffe wie Sofas werden systematisch mit einem Dampfreiniger mit trockenem, alkoholhaltigem und auf \u00fcber 135 \u00b0C erhitztem Dampf desinfiziert. Tats\u00e4chlich \u00fcberlebt das Coronavirus laut einer <span style=\"color: #333333;\"><a style=\"color: #333333;\" href=\"https:\/\/www.anses.fr\/fr\/system\/files\/SABA2020SA0037-1.pdf\">Studie von ANSES<\/a><\/span> keine Hitze \u00fcber 65\u00b0C.<\/p>\n<p>Die f\u00fcr Ihren Empfang verantwortlichen Personen sind stets maskiert und respektieren die Absperrgesten und Sicherheitsabst\u00e4nde.<\/p>\n<p>Sie werden den Komfort und die Intimit\u00e4t einer bestimmten Unterkunft genie\u00dfen und vermeiden, dass Sie mit den Kunden eines Hotels in Kontakt gebracht werden. Jede Unterkunft verf\u00fcgt au\u00dferdem \u00fcber eine eigene K\u00fcche und eine Waschmaschine.<\/p>\n","protected":false},"excerpt":{"rendered":"<p>Suchen Sie eine Unterkunft f\u00fcr Ihre Gesch\u00e4ftsreisen, Kunden, Mitarbeiter oder Dienstleister? Mit EREstate k\u00f6nnen Sie von direkt verf\u00fcgbaren Unterk\u00fcnften profitieren. Sie werden sich in aller Ruhe auf den Zweck Ihrer Reise konzentrieren k\u00f6nnen. Wir stellen Ihnen alle notwendigen Informationen \u00fcber das Gebiet und die Stadt zur Verf\u00fcgung, in der sich die von Ihnen gew\u00e4hlte Unterkunft &hellip; <a href=\"https:\/\/www.erestate.eu\/de\/trouver-un-logement\/\" class=\"more-link\"><span class=\"screen-reader-text\">\u201eFinden Sie eine Unterkunft\u201c<\/span> weiterlesen<\/a><\/p>\n","protected":false},"author":1,"featured_media":0,"parent":0,"menu_order":0,"comment_status":"closed","ping_status":"closed","template":"","meta":{"footnotes":""},"class_list":["post-14","page","type-page","status-publish","hentry"],"translation":{"provider":"WPGlobus","version":"3.0.0","language":"de","enabled_languages":["fr","en","de","zh"],"languages":{"fr":{"title":true,"content":true,"excerpt":false},"en":{"title":true,"content":true,"excerpt":false},"de":{"title":true,"content":true,"excerpt":false},"zh":{"title":true,"content":true,"excerpt":false}}},"yoast_head":"<!-- This site is optimized with the Yoast SEO plugin v27.5 - https:\/\/yoast.com\/product\/yoast-seo-wordpress\/ -->\n<title>Finden Sie eine Unterkunft -<\/title>\n<meta name=\"robots\" content=\"index, follow, max-snippet:-1, max-image-preview:large, max-video-preview:-1\" \/>\n<link rel=\"canonical\" href=\"https:\/\/www.erestate.eu\/trouver-un-logement\/\" \/>\n<meta property=\"og:locale\" content=\"de_DE\" \/>\n<meta property=\"og:type\" content=\"article\" \/>\n<meta property=\"og:title\" content=\"Finden Sie eine Unterkunft -\" \/>\n<meta property=\"og:url\" content=\"https:\/\/www.erestate.eu\/trouver-un-logement\/\" \/>\n<meta property=\"article:modified_time\" content=\"2025-09-23T17:32:30+00:00\" \/>\n<meta name=\"twitter:card\" content=\"summary_large_image\" \/>\n<meta name=\"twitter:label1\" content=\"Gesch\u00e4tzte Lesezeit\" \/>\n\t<meta name=\"twitter:data1\" content=\"1\u00a0Minute\" \/>\n<script type=\"application\/ld+json\" class=\"yoast-schema-graph\">{\"@context\":\"https:\\\/\\\/schema.org\",\"@graph\":[{\"@type\":\"WebPage\",\"@id\":\"https:\\\/\\\/www.erestate.eu\\\/trouver-un-logement\\\/\",\"url\":\"https:\\\/\\\/www.erestate.eu\\\/trouver-un-logement\\\/\",\"name\":\"Finden Sie eine Unterkunft -\",\"isPartOf\":{\"@id\":\"https:\\\/\\\/www.erestate.eu\\\/#website\"},\"datePublished\":\"2018-06-05T20:44:01+00:00\",\"dateModified\":\"2025-09-23T17:32:30+00:00\",\"breadcrumb\":{\"@id\":\"https:\\\/\\\/www.erestate.eu\\\/trouver-un-logement\\\/#breadcrumb\"},\"inLanguage\":\"de\",\"potentialAction\":[{\"@type\":\"ReadAction\",\"target\":[\"https:\\\/\\\/www.erestate.eu\\\/trouver-un-logement\\\/\"]}]},{\"@type\":\"BreadcrumbList\",\"@id\":\"https:\\\/\\\/www.erestate.eu\\\/trouver-un-logement\\\/#breadcrumb\",\"itemListElement\":[{\"@type\":\"ListItem\",\"position\":1,\"name\":\"Accueil\",\"item\":\"https:\\\/\\\/www.erestate.eu\\\/\"},{\"@type\":\"ListItem\",\"position\":2,\"name\":\"Trouver un logement\"}]},{\"@type\":\"WebSite\",\"@id\":\"https:\\\/\\\/www.erestate.eu\\\/#website\",\"url\":\"https:\\\/\\\/www.erestate.eu\\\/\",\"name\":\"\",\"description\":\"\",\"potentialAction\":[{\"@type\":\"SearchAction\",\"target\":{\"@type\":\"EntryPoint\",\"urlTemplate\":\"https:\\\/\\\/www.erestate.eu\\\/?s={search_term_string}\"},\"query-input\":{\"@type\":\"PropertyValueSpecification\",\"valueRequired\":true,\"valueName\":\"search_term_string\"}}],\"inLanguage\":\"de\"}]}<\/script>\n<!-- \/ Yoast SEO plugin. -->","yoast_head_json":{"title":"Finden Sie eine Unterkunft -","robots":{"index":"index","follow":"follow","max-snippet":"max-snippet:-1","max-image-preview":"max-image-preview:large","max-video-preview":"max-video-preview:-1"},"canonical":"https:\/\/www.erestate.eu\/trouver-un-logement\/","og_locale":"de_DE","og_type":"article","og_title":"Finden Sie eine Unterkunft -","og_url":"https:\/\/www.erestate.eu\/trouver-un-logement\/","article_modified_time":"2025-09-23T17:32:30+00:00","twitter_card":"summary_large_image","twitter_misc":{"Gesch\u00e4tzte Lesezeit":"1\u00a0Minute"},"schema":{"@context":"https:\/\/schema.org","@graph":[{"@type":"WebPage","@id":"https:\/\/www.erestate.eu\/trouver-un-logement\/","url":"https:\/\/www.erestate.eu\/trouver-un-logement\/","name":"Finden Sie eine Unterkunft -","isPartOf":{"@id":"https:\/\/www.erestate.eu\/#website"},"datePublished":"2018-06-05T20:44:01+00:00","dateModified":"2025-09-23T17:32:30+00:00","breadcrumb":{"@id":"https:\/\/www.erestate.eu\/trouver-un-logement\/#breadcrumb"},"inLanguage":"de","potentialAction":[{"@type":"ReadAction","target":["https:\/\/www.erestate.eu\/trouver-un-logement\/"]}]},{"@type":"BreadcrumbList","@id":"https:\/\/www.erestate.eu\/trouver-un-logement\/#breadcrumb","itemListElement":[{"@type":"ListItem","position":1,"name":"Accueil","item":"https:\/\/www.erestate.eu\/"},{"@type":"ListItem","position":2,"name":"Trouver un logement"}]},{"@type":"WebSite","@id":"https:\/\/www.erestate.eu\/#website","url":"https:\/\/www.erestate.eu\/","name":"","description":"","potentialAction":[{"@type":"SearchAction","target":{"@type":"EntryPoint","urlTemplate":"https:\/\/www.erestate.eu\/?s={search_term_string}"},"query-input":{"@type":"PropertyValueSpecification","valueRequired":true,"valueName":"search_term_string"}}],"inLanguage":"de"}]}},"_links":{"self":[{"href":"https:\/\/www.erestate.eu\/de\/wp-json\/wp\/v2\/pages\/14","targetHints":{"allow":["GET"]}}],"collection":[{"href":"https:\/\/www.erestate.eu\/de\/wp-json\/wp\/v2\/pages"}],"about":[{"href":"https:\/\/www.erestate.eu\/de\/wp-json\/wp\/v2\/types\/page"}],"author":[{"embeddable":true,"href":"https:\/\/www.erestate.eu\/de\/wp-json\/wp\/v2\/users\/1"}],"replies":[{"embeddable":true,"href":"https:\/\/www.erestate.eu\/de\/wp-json\/wp\/v2\/comments?post=14"}],"version-history":[{"count":44,"href":"https:\/\/www.erestate.eu\/de\/wp-json\/wp\/v2\/pages\/14\/revisions"}],"predecessor-version":[{"id":683,"href":"https:\/\/www.erestate.eu\/de\/wp-json\/wp\/v2\/pages\/14\/revisions\/683"}],"wp:attachment":[{"href":"https:\/\/www.erestate.eu\/de\/wp-json\/wp\/v2\/media?parent=14"}],"curies":[{"name":"wp","href":"https:\/\/api.w.org\/{rel}","templated":true}]}}