{"id":450,"date":"2020-10-03T14:55:48","date_gmt":"2020-10-03T12:55:48","guid":{"rendered":"https:\/\/www.erestate.eu\/?page_id=450"},"modified":"2025-09-23T19:10:49","modified_gmt":"2025-09-23T17:10:49","slug":"consulting","status":"publish","type":"page","link":"https:\/\/www.erestate.eu\/de\/consulting\/","title":{"rendered":"Konsultation"},"content":{"rendered":"<p>Maximieren Sie Ihre Investitionsrendite mit einer Immobilienmanagement-Beratung, die die menschlichen, technischen, rechtlichen und finanziellen Herausforderungen dieses T\u00e4tigkeitsbereichs miteinander verbindet:<\/p>\n<ul>\n<li>Identifizierung des Anlegerprofils jedes Kunden und Bestimmung der Investitionskriterien des Kunden<\/li>\n<li>Entwicklung und Umsetzung von Finanzierungsstrategien<\/li>\n<li>Suche nach Akquisitionsm\u00f6glichkeiten in \u00dcbereinstimmung mit den spezifischen Investitionskriterien jedes Kunden<\/li>\n<li>Finanzstrukturierung und komplexe Transaktionen, die finanzielles Fachwissen erfordern<\/li>\n<li>Due-Diligence-Pr\u00fcfungen und Verhandlungshilfe beim Erwerb von Immobilienverm\u00f6gen<\/li>\n<li>Bewertung und Optimierung der Rentabilit\u00e4t jedes Immobilienverm\u00f6gens w\u00e4hrend seines gesamten Lebenszyklus<\/li>\n<li>Unterst\u00fctzung beim Verkauf von Immobilienverm\u00f6gen und Optimierung der Verkaufsbedingungen<\/li>\n<\/ul>\n<p>&nbsp;<\/p>\n","protected":false},"excerpt":{"rendered":"<p>Maximieren Sie Ihre Investitionsrendite mit einer Immobilienmanagement-Beratung, die die menschlichen, technischen, rechtlichen und finanziellen Herausforderungen dieses T\u00e4tigkeitsbereichs miteinander verbindet: Identifizierung des Anlegerprofils jedes Kunden und Bestimmung der Investitionskriterien des Kunden Entwicklung und Umsetzung von Finanzierungsstrategien Suche nach Akquisitionsm\u00f6glichkeiten in \u00dcbereinstimmung mit den spezifischen Investitionskriterien jedes Kunden Finanzstrukturierung und komplexe Transaktionen, die finanzielles Fachwissen erfordern Due-Diligence-Pr\u00fcfungen &hellip; <a href=\"https:\/\/www.erestate.eu\/de\/consulting\/\" class=\"more-link\"><span class=\"screen-reader-text\">\u201eKonsultation\u201c<\/span> weiterlesen<\/a><\/p>\n","protected":false},"author":1,"featured_media":0,"parent":0,"menu_order":0,"comment_status":"closed","ping_status":"closed","template":"","meta":{"footnotes":""},"class_list":["post-450","page","type-page","status-publish","hentry"],"translation":{"provider":"WPGlobus","version":"3.0.0","language":"de","enabled_languages":["fr","en","de","zh"],"languages":{"fr":{"title":true,"content":true,"excerpt":false},"en":{"title":true,"content":true,"excerpt":false},"de":{"title":true,"content":true,"excerpt":false},"zh":{"title":true,"content":true,"excerpt":false}}},"yoast_head":"<!-- This site is optimized with the Yoast SEO plugin v27.5 - https:\/\/yoast.com\/product\/yoast-seo-wordpress\/ -->\n<title>Konsultation -<\/title>\n<meta name=\"robots\" content=\"index, follow, max-snippet:-1, max-image-preview:large, max-video-preview:-1\" \/>\n<link rel=\"canonical\" href=\"https:\/\/www.erestate.eu\/consulting\/\" \/>\n<meta property=\"og:locale\" content=\"de_DE\" \/>\n<meta property=\"og:type\" content=\"article\" \/>\n<meta property=\"og:title\" content=\"Konsultation -\" \/>\n<meta property=\"og:url\" content=\"https:\/\/www.erestate.eu\/consulting\/\" \/>\n<meta property=\"article:modified_time\" content=\"2025-09-23T17:10:49+00:00\" \/>\n<meta name=\"twitter:card\" content=\"summary_large_image\" \/>\n<meta name=\"twitter:label1\" content=\"Gesch\u00e4tzte Lesezeit\" \/>\n\t<meta name=\"twitter:data1\" content=\"1\u00a0Minute\" \/>\n<script type=\"application\/ld+json\" class=\"yoast-schema-graph\">{\"@context\":\"https:\\\/\\\/schema.org\",\"@graph\":[{\"@type\":\"WebPage\",\"@id\":\"https:\\\/\\\/www.erestate.eu\\\/consulting\\\/\",\"url\":\"https:\\\/\\\/www.erestate.eu\\\/consulting\\\/\",\"name\":\"Konsultation -\",\"isPartOf\":{\"@id\":\"https:\\\/\\\/www.erestate.eu\\\/#website\"},\"datePublished\":\"2020-10-03T12:55:48+00:00\",\"dateModified\":\"2025-09-23T17:10:49+00:00\",\"breadcrumb\":{\"@id\":\"https:\\\/\\\/www.erestate.eu\\\/consulting\\\/#breadcrumb\"},\"inLanguage\":\"de\",\"potentialAction\":[{\"@type\":\"ReadAction\",\"target\":[\"https:\\\/\\\/www.erestate.eu\\\/consulting\\\/\"]}]},{\"@type\":\"BreadcrumbList\",\"@id\":\"https:\\\/\\\/www.erestate.eu\\\/consulting\\\/#breadcrumb\",\"itemListElement\":[{\"@type\":\"ListItem\",\"position\":1,\"name\":\"Accueil\",\"item\":\"https:\\\/\\\/www.erestate.eu\\\/\"},{\"@type\":\"ListItem\",\"position\":2,\"name\":\"Nos services de consulting\"}]},{\"@type\":\"WebSite\",\"@id\":\"https:\\\/\\\/www.erestate.eu\\\/#website\",\"url\":\"https:\\\/\\\/www.erestate.eu\\\/\",\"name\":\"\",\"description\":\"\",\"potentialAction\":[{\"@type\":\"SearchAction\",\"target\":{\"@type\":\"EntryPoint\",\"urlTemplate\":\"https:\\\/\\\/www.erestate.eu\\\/?s={search_term_string}\"},\"query-input\":{\"@type\":\"PropertyValueSpecification\",\"valueRequired\":true,\"valueName\":\"search_term_string\"}}],\"inLanguage\":\"de\"}]}<\/script>\n<!-- \/ Yoast SEO plugin. -->","yoast_head_json":{"title":"Konsultation -","robots":{"index":"index","follow":"follow","max-snippet":"max-snippet:-1","max-image-preview":"max-image-preview:large","max-video-preview":"max-video-preview:-1"},"canonical":"https:\/\/www.erestate.eu\/consulting\/","og_locale":"de_DE","og_type":"article","og_title":"Konsultation -","og_url":"https:\/\/www.erestate.eu\/consulting\/","article_modified_time":"2025-09-23T17:10:49+00:00","twitter_card":"summary_large_image","twitter_misc":{"Gesch\u00e4tzte Lesezeit":"1\u00a0Minute"},"schema":{"@context":"https:\/\/schema.org","@graph":[{"@type":"WebPage","@id":"https:\/\/www.erestate.eu\/consulting\/","url":"https:\/\/www.erestate.eu\/consulting\/","name":"Konsultation -","isPartOf":{"@id":"https:\/\/www.erestate.eu\/#website"},"datePublished":"2020-10-03T12:55:48+00:00","dateModified":"2025-09-23T17:10:49+00:00","breadcrumb":{"@id":"https:\/\/www.erestate.eu\/consulting\/#breadcrumb"},"inLanguage":"de","potentialAction":[{"@type":"ReadAction","target":["https:\/\/www.erestate.eu\/consulting\/"]}]},{"@type":"BreadcrumbList","@id":"https:\/\/www.erestate.eu\/consulting\/#breadcrumb","itemListElement":[{"@type":"ListItem","position":1,"name":"Accueil","item":"https:\/\/www.erestate.eu\/"},{"@type":"ListItem","position":2,"name":"Nos services de consulting"}]},{"@type":"WebSite","@id":"https:\/\/www.erestate.eu\/#website","url":"https:\/\/www.erestate.eu\/","name":"","description":"","potentialAction":[{"@type":"SearchAction","target":{"@type":"EntryPoint","urlTemplate":"https:\/\/www.erestate.eu\/?s={search_term_string}"},"query-input":{"@type":"PropertyValueSpecification","valueRequired":true,"valueName":"search_term_string"}}],"inLanguage":"de"}]}},"_links":{"self":[{"href":"https:\/\/www.erestate.eu\/de\/wp-json\/wp\/v2\/pages\/450","targetHints":{"allow":["GET"]}}],"collection":[{"href":"https:\/\/www.erestate.eu\/de\/wp-json\/wp\/v2\/pages"}],"about":[{"href":"https:\/\/www.erestate.eu\/de\/wp-json\/wp\/v2\/types\/page"}],"author":[{"embeddable":true,"href":"https:\/\/www.erestate.eu\/de\/wp-json\/wp\/v2\/users\/1"}],"replies":[{"embeddable":true,"href":"https:\/\/www.erestate.eu\/de\/wp-json\/wp\/v2\/comments?post=450"}],"version-history":[{"count":8,"href":"https:\/\/www.erestate.eu\/de\/wp-json\/wp\/v2\/pages\/450\/revisions"}],"predecessor-version":[{"id":676,"href":"https:\/\/www.erestate.eu\/de\/wp-json\/wp\/v2\/pages\/450\/revisions\/676"}],"wp:attachment":[{"href":"https:\/\/www.erestate.eu\/de\/wp-json\/wp\/v2\/media?parent=450"}],"curies":[{"name":"wp","href":"https:\/\/api.w.org\/{rel}","templated":true}]}}